{"id":33,"date":"2018-04-26T14:24:44","date_gmt":"2018-04-26T14:24:44","guid":{"rendered":"http:\/\/themes.muffingroup.com\/be\/thriller\/?page_id=32"},"modified":"2020-11-23T15:28:44","modified_gmt":"2020-11-23T14:28:44","slug":"artiste-de-cirque","status":"publish","type":"page","link":"https:\/\/tarzana.fr\/","title":{"rendered":"Home"},"content":{"rendered":"\n<p>Tarzana Four\u00e8s d\u00e9bute sa pratique des arts du cirque \u00e0 l\u2019\u00e2ge de 15 ans sous le regard bienveillant de Michel Nowak aux noctambules<\/p>\n\n\n\n<p>de Nanterre (92). Elle se sp\u00e9cialise dans les disciplines a\u00e9riennes. En 2033, elle part sur les routes avec Victoria Chaplin en tant que manipulatrice d\u2019objet sur le spectacle \u00ab\u2009L\u2019Oratorio d\u2019Aurelia. Elle se forme au cours des ces 7 ann\u00e9es de tourn\u00e9es internationales \u00e0 la machinerie et aux marionnettes. En 2008, elle travaille avec Zo\u00e9 Maistre sur le mouvement sensoriel aux trap\u00e8zes fixes et ballants et confirme d\u00e8s lors sa sp\u00e9cialit\u00e9 d\u2019artiste a\u00e9rienne.<\/p>\n\n\n\n<p>En 2006, elle interpr\u00e9t\u00e9e pour la compagnie \u00d4 cirque (cirque \u00e9questre) sur le spectacle \u201cLe vent \u00e9tait de la triche\u201d. Deux ans plus tard, elle collabore avec le cirque \u00c9lectrique pour la cr\u00e9ation du spectacle \u201cSteam\u201d (plus de 200 repr\u00e9sentations), et \u201cd\u2019Abababa\u201d (spectacle jeune public). Elle int\u00e8gre alors leurs cabarets. Elle \u00e9volue \u00e9galement depuis 2009 au sein de la Cie Trans Express, se sp\u00e9cialisant au travail en tr\u00e8s grande hauteur. Les spectacles&nbsp;\u201cMaudits Sonnants\u201d, \u201cMobile homme\u201d, \u201cMu\u201d et Cristal Palace\u2009\u00bb qui tournent aujourd\u2019hui encore partout dans le monde.<\/p>\n\n\n\n<p>Elle travaille<\/p>\n\n\n\n<p>Avec Cecile Roussat, Julien Lubeck sur la cr\u00e9ation D\u2019Op\u00e9ra\u2009; Didon &amp; En\u00e9e, Op\u00e9ration op\u00e9ra, Op\u00e9ra de Rouen, le festival \u00ab\u2009la voie est libre\u2009\u00bb, l\u2019atelier du plateau fait son cirque, les sangles, les Krilatis, Cabaret, GOP, compagnie Gratte ciel, et autres cabarets ou lieu divers.<\/p>\n\n\n\n<p>Elle poursuit aujourd\u2019hui un travail plus personnel en jouant des num\u00e9ros dans diff\u00e9rents lieux tout en amor\u00e7ant l\u2019\u00e9criture de format plus long.<\/p>\n\n\n\n<p>\u00c0 pr\u00e9sent elle continue \u00e9galement \u00e0 jouer dans des lieux divers, des cabarets aux endroits plus insolites. Elle d\u00e9veloppe aussi des recherches autour du mouvement et diversifie les collaborations.<\/p>\n","protected":false},"excerpt":{"rendered":"<p>Tarzana Four\u00e8s d\u00e9bute sa pratique des arts du cirque \u00e0 l\u2019\u00e2ge de 15 ans sous le regard bienveillant de Michel Nowak aux noctambules de Nanterre (92).<span class=\"excerpt-hellip\"> [\u2026]<\/span><\/p>\n","protected":false},"author":2,"featured_media":0,"parent":0,"menu_order":0,"comment_status":"closed","ping_status":"closed","template":"","meta":[],"yoast_head":"<!-- This site is optimized with the Yoast SEO plugin v18.4.1 - https:\/\/yoast.com\/wordpress\/plugins\/seo\/ -->\n<title>Home - Tarzana<\/title>\n<meta name=\"description\" content=\"Sp\u00e9cialiste dans les disciplines a\u00e9riennes du cirque, trap\u00e8zes fixes, ballants et corde lisse.\" \/>\n<meta name=\"robots\" content=\"index, follow, max-snippet:-1, max-image-preview:large, max-video-preview:-1\" \/>\n<link rel=\"canonical\" href=\"http:\/\/tarzana.fr\/\" \/>\n<meta property=\"og:locale\" content=\"fr_FR\" \/>\n<meta property=\"og:type\" content=\"article\" \/>\n<meta property=\"og:title\" content=\"Home - Tarzana\" \/>\n<meta property=\"og:description\" content=\"Sp\u00e9cialiste dans les disciplines a\u00e9riennes du cirque, trap\u00e8zes fixes, ballants et corde lisse.\" \/>\n<meta property=\"og:url\" content=\"http:\/\/tarzana.fr\/\" \/>\n<meta property=\"og:site_name\" content=\"Tarzana\" \/>\n<meta property=\"article:modified_time\" content=\"2020-11-23T14:28:44+00:00\" \/>\n<meta name=\"twitter:card\" content=\"summary_large_image\" \/>\n<meta name=\"twitter:label1\" content=\"Dur\u00e9e de lecture estim\u00e9e\" \/>\n\t<meta name=\"twitter:data1\" content=\"2 minutes\" \/>\n<script type=\"application\/ld+json\" class=\"yoast-schema-graph\">{\"@context\":\"https:\/\/schema.org\",\"@graph\":[{\"@type\":\"WebSite\",\"@id\":\"https:\/\/tarzana.fr\/#website\",\"url\":\"https:\/\/tarzana.fr\/\",\"name\":\"Tarzana\",\"description\":\"Artiste grande hauteur\",\"potentialAction\":[{\"@type\":\"SearchAction\",\"target\":{\"@type\":\"EntryPoint\",\"urlTemplate\":\"https:\/\/tarzana.fr\/?s={search_term_string}\"},\"query-input\":\"required name=search_term_string\"}],\"inLanguage\":\"fr-FR\"},{\"@type\":\"WebPage\",\"@id\":\"http:\/\/tarzana.fr\/#webpage\",\"url\":\"http:\/\/tarzana.fr\/\",\"name\":\"Home - Tarzana\",\"isPartOf\":{\"@id\":\"https:\/\/tarzana.fr\/#website\"},\"datePublished\":\"2018-04-26T14:24:44+00:00\",\"dateModified\":\"2020-11-23T14:28:44+00:00\",\"description\":\"Sp\u00e9cialiste dans les disciplines a\u00e9riennes du cirque, trap\u00e8zes fixes, ballants et corde lisse.\",\"breadcrumb\":{\"@id\":\"http:\/\/tarzana.fr\/#breadcrumb\"},\"inLanguage\":\"fr-FR\",\"potentialAction\":[{\"@type\":\"ReadAction\",\"target\":[\"http:\/\/tarzana.fr\/\"]}]},{\"@type\":\"BreadcrumbList\",\"@id\":\"http:\/\/tarzana.fr\/#breadcrumb\",\"itemListElement\":[{\"@type\":\"ListItem\",\"position\":1,\"name\":\"Accueil\",\"item\":\"http:\/\/tarzana.fr\/\"},{\"@type\":\"ListItem\",\"position\":2,\"name\":\"Home\"}]}]}<\/script>\n<!-- \/ Yoast SEO plugin. -->","yoast_head_json":{"title":"Home - Tarzana","description":"Sp\u00e9cialiste dans les disciplines a\u00e9riennes du cirque, trap\u00e8zes fixes, ballants et corde lisse.","robots":{"index":"index","follow":"follow","max-snippet":"max-snippet:-1","max-image-preview":"max-image-preview:large","max-video-preview":"max-video-preview:-1"},"canonical":"http:\/\/tarzana.fr\/","og_locale":"fr_FR","og_type":"article","og_title":"Home - Tarzana","og_description":"Sp\u00e9cialiste dans les disciplines a\u00e9riennes du cirque, trap\u00e8zes fixes, ballants et corde lisse.","og_url":"http:\/\/tarzana.fr\/","og_site_name":"Tarzana","article_modified_time":"2020-11-23T14:28:44+00:00","twitter_card":"summary_large_image","twitter_misc":{"Dur\u00e9e de lecture estim\u00e9e":"2 minutes"},"schema":{"@context":"https:\/\/schema.org","@graph":[{"@type":"WebSite","@id":"https:\/\/tarzana.fr\/#website","url":"https:\/\/tarzana.fr\/","name":"Tarzana","description":"Artiste grande hauteur","potentialAction":[{"@type":"SearchAction","target":{"@type":"EntryPoint","urlTemplate":"https:\/\/tarzana.fr\/?s={search_term_string}"},"query-input":"required name=search_term_string"}],"inLanguage":"fr-FR"},{"@type":"WebPage","@id":"http:\/\/tarzana.fr\/#webpage","url":"http:\/\/tarzana.fr\/","name":"Home - Tarzana","isPartOf":{"@id":"https:\/\/tarzana.fr\/#website"},"datePublished":"2018-04-26T14:24:44+00:00","dateModified":"2020-11-23T14:28:44+00:00","description":"Sp\u00e9cialiste dans les disciplines a\u00e9riennes du cirque, trap\u00e8zes fixes, ballants et corde lisse.","breadcrumb":{"@id":"http:\/\/tarzana.fr\/#breadcrumb"},"inLanguage":"fr-FR","potentialAction":[{"@type":"ReadAction","target":["http:\/\/tarzana.fr\/"]}]},{"@type":"BreadcrumbList","@id":"http:\/\/tarzana.fr\/#breadcrumb","itemListElement":[{"@type":"ListItem","position":1,"name":"Accueil","item":"http:\/\/tarzana.fr\/"},{"@type":"ListItem","position":2,"name":"Home"}]}]}},"_links":{"self":[{"href":"https:\/\/tarzana.fr\/index.php?rest_route=\/wp\/v2\/pages\/33"}],"collection":[{"href":"https:\/\/tarzana.fr\/index.php?rest_route=\/wp\/v2\/pages"}],"about":[{"href":"https:\/\/tarzana.fr\/index.php?rest_route=\/wp\/v2\/types\/page"}],"author":[{"embeddable":true,"href":"https:\/\/tarzana.fr\/index.php?rest_route=\/wp\/v2\/users\/2"}],"replies":[{"embeddable":true,"href":"https:\/\/tarzana.fr\/index.php?rest_route=%2Fwp%2Fv2%2Fcomments&post=33"}],"version-history":[{"count":3,"href":"https:\/\/tarzana.fr\/index.php?rest_route=\/wp\/v2\/pages\/33\/revisions"}],"predecessor-version":[{"id":192,"href":"https:\/\/tarzana.fr\/index.php?rest_route=\/wp\/v2\/pages\/33\/revisions\/192"}],"wp:attachment":[{"href":"https:\/\/tarzana.fr\/index.php?rest_route=%2Fwp%2Fv2%2Fmedia&parent=33"}],"curies":[{"name":"wp","href":"https:\/\/api.w.org\/{rel}","templated":true}]}}